{"id":8880,"date":"2021-02-16T12:28:13","date_gmt":"2021-02-16T12:28:13","guid":{"rendered":"https:\/\/vgetr.com\/?page_id=8880"},"modified":"2021-02-16T12:28:57","modified_gmt":"2021-02-16T12:28:57","slug":"ec2021","status":"publish","type":"page","link":"https:\/\/vgetr.com\/tr\/products\/floor-buttons\/ec\/ec2021\/","title":{"rendered":"EC2021"},"content":{"rendered":"<div data-elementor-type=\"wp-page\" data-elementor-id=\"8880\" class=\"elementor elementor-8880\" data-elementor-settings=\"[]\">\n\t\t\t\t\t\t\t<div class=\"elementor-section-wrap\">\n\t\t\t\t\t\t\t<section class=\"elementor-section elementor-top-section elementor-element elementor-element-9ad377c elementor-section-boxed elementor-section-height-default elementor-section-height-default\" data-id=\"9ad377c\" data-element_type=\"section\">\n\t\t\t\t\t\t<div class=\"elementor-container elementor-column-gap-default\">\n\t\t\t\t\t<div class=\"elementor-column elementor-col-100 elementor-top-column elementor-element elementor-element-c077d67\" data-id=\"c077d67\" data-element_type=\"column\" data-settings=\"{&quot;avante_ext_is_scrollme&quot;:&quot;false&quot;,&quot;avante_ext_is_smoove&quot;:&quot;false&quot;,&quot;avante_ext_is_parallax_mouse&quot;:&quot;false&quot;,&quot;avante_ext_is_infinite&quot;:&quot;false&quot;}\">\n\t\t\t<div class=\"elementor-widget-wrap elementor-element-populated\">\n\t\t\t\t\t\t\t\t<section class=\"elementor-section elementor-inner-section elementor-element elementor-element-82214ef elementor-section-boxed elementor-section-height-default elementor-section-height-default\" data-id=\"82214ef\" data-element_type=\"section\">\n\t\t\t\t\t\t<div class=\"elementor-container elementor-column-gap-default\">\n\t\t\t\t\t<div class=\"elementor-column elementor-col-50 elementor-inner-column elementor-element elementor-element-e181fd9\" data-id=\"e181fd9\" data-element_type=\"column\" data-settings=\"{&quot;avante_ext_is_scrollme&quot;:&quot;false&quot;,&quot;avante_ext_is_smoove&quot;:&quot;false&quot;,&quot;avante_ext_is_parallax_mouse&quot;:&quot;false&quot;,&quot;avante_ext_is_infinite&quot;:&quot;false&quot;}\">\n\t\t\t<div class=\"elementor-widget-wrap elementor-element-populated\">\n\t\t\t\t\t\t\t\t<div class=\"elementor-element elementor-element-4b205bf elementor-arrows-position-inside elementor-pagination-position-outside elementor-widget elementor-widget-image-carousel\" data-id=\"4b205bf\" data-element_type=\"widget\" data-settings=\"{&quot;slides_to_show&quot;:&quot;1&quot;,&quot;navigation&quot;:&quot;both&quot;,&quot;autoplay&quot;:&quot;yes&quot;,&quot;pause_on_hover&quot;:&quot;yes&quot;,&quot;pause_on_interaction&quot;:&quot;yes&quot;,&quot;autoplay_speed&quot;:5000,&quot;infinite&quot;:&quot;yes&quot;,&quot;effect&quot;:&quot;slide&quot;,&quot;speed&quot;:500,&quot;avante_ext_is_scrollme&quot;:&quot;false&quot;,&quot;avante_ext_is_smoove&quot;:&quot;false&quot;,&quot;avante_ext_is_parallax_mouse&quot;:&quot;false&quot;,&quot;avante_ext_is_infinite&quot;:&quot;false&quot;}\" data-widget_type=\"image-carousel.default\">\n\t\t\t\t<div class=\"elementor-widget-container\">\n\t\t\t\t\t<div class=\"elementor-image-carousel-wrapper swiper-container\" dir=\"ltr\">\n\t\t\t<div class=\"elementor-image-carousel swiper-wrapper\">\n\t\t\t\t<div class=\"swiper-slide\"><figure class=\"swiper-slide-inner\"><img decoding=\"async\" class=\"swiper-slide-image\" src=\"https:\/\/vgetr.com\/wp-content\/uploads\/2021\/02\/EC2021_right_angle-e1588766883961.jpg\" alt=\"EC2021_right_angle-e1588766883961\" \/><\/figure><\/div><div class=\"swiper-slide\"><figure class=\"swiper-slide-inner\"><img decoding=\"async\" class=\"swiper-slide-image\" src=\"https:\/\/vgetr.com\/wp-content\/uploads\/2021\/02\/EC2021-e1588768215833.jpg\" alt=\"EC2021-e1588768215833\" \/><\/figure><\/div>\t\t\t<\/div>\n\t\t\t\t\t\t\t\t\t\t\t\t<div class=\"swiper-pagination\"><\/div>\n\t\t\t\t\t\t\t\t\t\t\t\t\t<div class=\"elementor-swiper-button elementor-swiper-button-prev\">\n\t\t\t\t\t\t<i class=\"eicon-chevron-left\" aria-hidden=\"true\"><\/i>\n\t\t\t\t\t\t<span class=\"elementor-screen-only\">\u00d6nceki<\/span>\n\t\t\t\t\t<\/div>\n\t\t\t\t\t<div class=\"elementor-swiper-button elementor-swiper-button-next\">\n\t\t\t\t\t\t<i class=\"eicon-chevron-right\" aria-hidden=\"true\"><\/i>\n\t\t\t\t\t\t<span class=\"elementor-screen-only\">Sonraki<\/span>\n\t\t\t\t\t<\/div>\n\t\t\t\t\t\t\t\t\t<\/div>\n\t\t\t\t<\/div>\n\t\t\t\t<\/div>\n\t\t\t\t<div class=\"elementor-element elementor-element-fbe68e5 elementor-widget elementor-widget-heading\" data-id=\"fbe68e5\" data-element_type=\"widget\" data-settings=\"{&quot;avante_ext_is_scrollme&quot;:&quot;false&quot;,&quot;avante_ext_is_smoove&quot;:&quot;false&quot;,&quot;avante_ext_is_parallax_mouse&quot;:&quot;false&quot;,&quot;avante_ext_is_infinite&quot;:&quot;false&quot;}\" data-widget_type=\"heading.default\">\n\t\t\t\t<div class=\"elementor-widget-container\">\n\t\t\t<h2 class=\"elementor-heading-title elementor-size-default\">P\u00ebrmasat<\/h2>\t\t<\/div>\n\t\t\t\t<\/div>\n\t\t\t\t<div class=\"elementor-element elementor-element-dc3d02d elementor-widget elementor-widget-image\" data-id=\"dc3d02d\" data-element_type=\"widget\" data-settings=\"{&quot;avante_ext_is_scrollme&quot;:&quot;false&quot;,&quot;avante_ext_is_smoove&quot;:&quot;false&quot;,&quot;avante_ext_is_parallax_mouse&quot;:&quot;false&quot;,&quot;avante_ext_is_infinite&quot;:&quot;false&quot;}\" data-widget_type=\"image.default\">\n\t\t\t\t<div class=\"elementor-widget-container\">\n\t\t\t\t\t<div class=\"elementor-image\">\n\t\t\t\t\t\t\t\t\t\t\t<a href=\"http:\/\/www.realashensor.com\/wp-content\/uploads\/2021\/02\/EC2021_dimensions-600x600-1.png\" data-elementor-open-lightbox=\"yes\" data-elementor-lightbox-title=\"EC2021_dimensions-600x600\">\n\t\t\t\t\t\t\t<img loading=\"lazy\" decoding=\"async\" width=\"600\" height=\"600\" src=\"https:\/\/vgetr.com\/wp-content\/uploads\/2021\/02\/EC2021_dimensions-600x600-1.png\" class=\"attachment-large size-large\" alt=\"\" srcset=\"https:\/\/vgetr.com\/wp-content\/uploads\/2021\/02\/EC2021_dimensions-600x600-1.png 600w, https:\/\/vgetr.com\/wp-content\/uploads\/2021\/02\/EC2021_dimensions-600x600-1-300x300.png 300w, https:\/\/vgetr.com\/wp-content\/uploads\/2021\/02\/EC2021_dimensions-600x600-1-150x150.png 150w, https:\/\/vgetr.com\/wp-content\/uploads\/2021\/02\/EC2021_dimensions-600x600-1-440x440.png 440w, https:\/\/vgetr.com\/wp-content\/uploads\/2021\/02\/EC2021_dimensions-600x600-1-100x100.png 100w\" sizes=\"auto, (max-width: 600px) 100vw, 600px\" \/>\t\t\t\t\t\t\t\t<\/a>\n\t\t\t\t\t\t\t\t\t\t\t<\/div>\n\t\t\t\t<\/div>\n\t\t\t\t<\/div>\n\t\t\t\t<div class=\"elementor-element elementor-element-f9e8b3b elementor-widget elementor-widget-heading\" data-id=\"f9e8b3b\" data-element_type=\"widget\" data-settings=\"{&quot;avante_ext_is_scrollme&quot;:&quot;false&quot;,&quot;avante_ext_is_smoove&quot;:&quot;false&quot;,&quot;avante_ext_is_parallax_mouse&quot;:&quot;false&quot;,&quot;avante_ext_is_infinite&quot;:&quot;false&quot;}\" data-widget_type=\"heading.default\">\n\t\t\t\t<div class=\"elementor-widget-container\">\n\t\t\t<h2 class=\"elementor-heading-title elementor-size-default\">Opsione t\u00eb ndryshme t\u00eb sip\u00ebrfaqes me ngjyra<\/h2>\t\t<\/div>\n\t\t\t\t<\/div>\n\t\t\t\t<div class=\"elementor-element elementor-element-04087a4 elementor-widget elementor-widget-image\" data-id=\"04087a4\" data-element_type=\"widget\" data-settings=\"{&quot;avante_ext_is_scrollme&quot;:&quot;false&quot;,&quot;avante_ext_is_smoove&quot;:&quot;false&quot;,&quot;avante_ext_is_parallax_mouse&quot;:&quot;false&quot;,&quot;avante_ext_is_infinite&quot;:&quot;false&quot;}\" data-widget_type=\"image.default\">\n\t\t\t\t<div class=\"elementor-widget-container\">\n\t\t\t\t\t<div class=\"elementor-image\">\n\t\t\t\t\t\t\t\t\t\t\t<a href=\"http:\/\/www.realashensor.com\/wp-content\/uploads\/2021\/02\/available_finishes_light-600x281-1.jpg\" data-elementor-open-lightbox=\"yes\" data-elementor-lightbox-title=\"available_finishes_light-600x281\">\n\t\t\t\t\t\t\t<img loading=\"lazy\" decoding=\"async\" width=\"600\" height=\"281\" src=\"https:\/\/vgetr.com\/wp-content\/uploads\/2021\/02\/available_finishes_light-600x281-1.jpg\" class=\"attachment-large size-large\" alt=\"\" srcset=\"https:\/\/vgetr.com\/wp-content\/uploads\/2021\/02\/available_finishes_light-600x281-1.jpg 600w, https:\/\/vgetr.com\/wp-content\/uploads\/2021\/02\/available_finishes_light-600x281-1-300x141.jpg 300w, https:\/\/vgetr.com\/wp-content\/uploads\/2021\/02\/available_finishes_light-600x281-1-440x206.jpg 440w\" sizes=\"auto, (max-width: 600px) 100vw, 600px\" \/>\t\t\t\t\t\t\t\t<\/a>\n\t\t\t\t\t\t\t\t\t\t\t<\/div>\n\t\t\t\t<\/div>\n\t\t\t\t<\/div>\n\t\t\t\t\t<\/div>\n\t\t<\/div>\n\t\t\t\t<div class=\"elementor-column elementor-col-50 elementor-inner-column elementor-element elementor-element-ad6d1c5\" data-id=\"ad6d1c5\" data-element_type=\"column\" data-settings=\"{&quot;avante_ext_is_scrollme&quot;:&quot;false&quot;,&quot;avante_ext_is_smoove&quot;:&quot;false&quot;,&quot;avante_ext_is_parallax_mouse&quot;:&quot;false&quot;,&quot;avante_ext_is_infinite&quot;:&quot;false&quot;}\">\n\t\t\t<div class=\"elementor-widget-wrap elementor-element-populated\">\n\t\t\t\t\t\t\t\t<div class=\"elementor-element elementor-element-ca13871 elementor-widget elementor-widget-heading\" data-id=\"ca13871\" data-element_type=\"widget\" data-settings=\"{&quot;avante_ext_is_scrollme&quot;:&quot;false&quot;,&quot;avante_ext_is_smoove&quot;:&quot;false&quot;,&quot;avante_ext_is_parallax_mouse&quot;:&quot;false&quot;,&quot;avante_ext_is_infinite&quot;:&quot;false&quot;}\" data-widget_type=\"heading.default\">\n\t\t\t\t<div class=\"elementor-widget-container\">\n\t\t\t<h2 class=\"elementor-heading-title elementor-size-default\">EC2021<\/h2>\t\t<\/div>\n\t\t\t\t<\/div>\n\t\t\t\t<div class=\"elementor-element elementor-element-53a0983 elementor-widget elementor-widget-heading\" data-id=\"53a0983\" data-element_type=\"widget\" data-settings=\"{&quot;avante_ext_is_scrollme&quot;:&quot;false&quot;,&quot;avante_ext_is_smoove&quot;:&quot;false&quot;,&quot;avante_ext_is_parallax_mouse&quot;:&quot;false&quot;,&quot;avante_ext_is_infinite&quot;:&quot;false&quot;}\" data-widget_type=\"heading.default\">\n\t\t\t\t<div class=\"elementor-widget-container\">\n\t\t\t<h4 class=\"elementor-heading-title elementor-size-default\">KASETA MATIZSORE TIZ MADHE TAR NDRYSHME<\/h4>\t\t<\/div>\n\t\t\t\t<\/div>\n\t\t\t\t<div class=\"elementor-element elementor-element-b0414b9 elementor-widget elementor-widget-text-editor\" data-id=\"b0414b9\" data-element_type=\"widget\" data-settings=\"{&quot;avante_ext_is_scrollme&quot;:&quot;false&quot;,&quot;avante_ext_is_smoove&quot;:&quot;false&quot;,&quot;avante_ext_is_parallax_mouse&quot;:&quot;false&quot;,&quot;avante_ext_is_infinite&quot;:&quot;false&quot;}\" data-widget_type=\"text-editor.default\">\n\t\t\t\t<div class=\"elementor-widget-container\">\n\t\t\t\t\t<div class=\"elementor-text-editor elementor-clearfix\"><h3>Rreth<\/h3><p>EC &#8211; kaseta dyshemeje t\u00eb montuara n\u00eb skuqje me madh\u00ebsi t\u00eb ndryshueshme. Siguron nj\u00eb pamje t\u00eb holl\u00eb n\u00eb sip\u00ebrfaqen e l\u00ebmuar t\u00eb murit t\u00eb \u00e7elik inox me trash\u00ebsi 2 mm. E gjith\u00eb elektronika ruhet n\u00eb m\u00ebnyr\u00eb t\u00eb sigurt dhe e rregullt n\u00eb kutin\u00eb e montimit t\u00eb brendsh\u00ebm. N\u00eb hartimin e KE-s\u00eb, p\u00ebrdoren matricat 7 Segmente dhe ekranet LCD dhe butonat e klasit t\u00eb par\u00eb QUAD. Me struktur\u00ebn e saj miq\u00ebsore, mund t\u00eb p\u00ebrdoret n\u00eb lloje t\u00eb ndryshme t\u00eb aplikacioneve t\u00eb ashensor\u00ebve.<\/p><h3>Specifikimet<\/h3><ul><li>Surface sip\u00ebrfaqe prej \u00e7eliku inox me trash\u00ebsi 2 mm<\/li><li>Butonat QUAD t\u00eb cil\u00ebsis\u00eb s\u00eb klasit t\u00eb par\u00eb<\/li><li>Symbols Simbole t\u00eb stampuara p\u00ebr personat me shikim t\u00eb dob\u00ebt<\/li><li>Opsione t\u00eb ekranit LCD, 7 Segment ose LED<\/li><li>Options Mund\u00ebsit\u00eb e ndryshme t\u00eb sip\u00ebrfaqes me ngjyra jan\u00eb n\u00eb dispozicion<\/li><li>Mund t\u00eb prodhohet n\u00eb madh\u00ebsi t\u00eb ndryshme sipas k\u00ebrkes\u00ebs.<\/li><\/ul><\/div>\n\t\t\t\t<\/div>\n\t\t\t\t<\/div>\n\t\t\t\t<div class=\"elementor-element elementor-element-70fdf61 elementor-widget elementor-widget-image\" data-id=\"70fdf61\" data-element_type=\"widget\" data-settings=\"{&quot;avante_ext_is_scrollme&quot;:&quot;false&quot;,&quot;avante_ext_is_smoove&quot;:&quot;false&quot;,&quot;avante_ext_is_parallax_mouse&quot;:&quot;false&quot;,&quot;avante_ext_is_infinite&quot;:&quot;false&quot;}\" data-widget_type=\"image.default\">\n\t\t\t\t<div class=\"elementor-widget-container\">\n\t\t\t\t\t<div class=\"elementor-image\">\n\t\t\t\t\t\t\t\t\t\t\t<a href=\"http:\/\/www.realashensor.com\/wp-content\/uploads\/2021\/02\/OC_EC_lop.png\" data-elementor-open-lightbox=\"yes\" data-elementor-lightbox-title=\"OC_EC_lop\">\n\t\t\t\t\t\t\t<img loading=\"lazy\" decoding=\"async\" width=\"512\" height=\"400\" src=\"https:\/\/vgetr.com\/wp-content\/uploads\/2021\/02\/OC_EC_lop.png\" class=\"attachment-large size-large\" alt=\"\" srcset=\"https:\/\/vgetr.com\/wp-content\/uploads\/2021\/02\/OC_EC_lop.png 512w, https:\/\/vgetr.com\/wp-content\/uploads\/2021\/02\/OC_EC_lop-300x234.png 300w, https:\/\/vgetr.com\/wp-content\/uploads\/2021\/02\/OC_EC_lop-440x344.png 440w\" sizes=\"auto, (max-width: 512px) 100vw, 512px\" \/>\t\t\t\t\t\t\t\t<\/a>\n\t\t\t\t\t\t\t\t\t\t\t<\/div>\n\t\t\t\t<\/div>\n\t\t\t\t<\/div>\n\t\t\t\t\t<\/div>\n\t\t<\/div>\n\t\t\t\t\t\t\t<\/div>\n\t\t<\/section>\n\t\t\t\t\t<\/div>\n\t\t<\/div>\n\t\t\t\t\t\t\t<\/div>\n\t\t<\/section>\n\t\t\t\t\t\t<\/div>\n\t\t\t\t\t<\/div>","protected":false},"excerpt":{"rendered":"<p>Previous Next P\u00ebrmasat Opsione t\u00eb ndryshme t\u00eb sip\u00ebrfaqes me ngjyra EC2021 KASETA MATIZSORE TIZ MADHE TAR NDRYSHME Rreth EC &#8211; kaseta dyshemeje t\u00eb montuara n\u00eb skuqje me madh\u00ebsi t\u00eb ndryshueshme. Siguron nj\u00eb pamje t\u00eb holl\u00eb n\u00eb sip\u00ebrfaqen e l\u00ebmuar t\u00eb [&hellip;]<\/p>","protected":false},"author":1,"featured_media":7820,"parent":8860,"menu_order":0,"comment_status":"closed","ping_status":"closed","template":"","meta":{"footnotes":""},"class_list":["post-8880","page","type-page","status-publish","has-post-thumbnail","hentry"],"_links":{"self":[{"href":"https:\/\/vgetr.com\/tr\/wp-json\/wp\/v2\/pages\/8880","targetHints":{"allow":["GET"]}}],"collection":[{"href":"https:\/\/vgetr.com\/tr\/wp-json\/wp\/v2\/pages"}],"about":[{"href":"https:\/\/vgetr.com\/tr\/wp-json\/wp\/v2\/types\/page"}],"author":[{"embeddable":true,"href":"https:\/\/vgetr.com\/tr\/wp-json\/wp\/v2\/users\/1"}],"replies":[{"embeddable":true,"href":"https:\/\/vgetr.com\/tr\/wp-json\/wp\/v2\/comments?post=8880"}],"version-history":[{"count":4,"href":"https:\/\/vgetr.com\/tr\/wp-json\/wp\/v2\/pages\/8880\/revisions"}],"predecessor-version":[{"id":8954,"href":"https:\/\/vgetr.com\/tr\/wp-json\/wp\/v2\/pages\/8880\/revisions\/8954"}],"up":[{"embeddable":true,"href":"https:\/\/vgetr.com\/tr\/wp-json\/wp\/v2\/pages\/8860"}],"wp:featuredmedia":[{"embeddable":true,"href":"https:\/\/vgetr.com\/tr\/wp-json\/wp\/v2\/media\/7820"}],"wp:attachment":[{"href":"https:\/\/vgetr.com\/tr\/wp-json\/wp\/v2\/media?parent=8880"}],"curies":[{"name":"wp","href":"https:\/\/api.w.org\/{rel}","templated":true}]}}