{"id":8032,"date":"2021-02-11T13:04:41","date_gmt":"2021-02-11T13:04:41","guid":{"rendered":"https:\/\/vgetr.com\/?page_id=8032"},"modified":"2021-02-11T13:06:02","modified_gmt":"2021-02-11T13:06:02","slug":"uf1002-ud","status":"publish","type":"page","link":"https:\/\/vgetr.com\/tr\/products\/floor-buttons\/ufo\/uf1002-ud\/","title":{"rendered":"UF1002-UD"},"content":{"rendered":"<div data-elementor-type=\"wp-page\" data-elementor-id=\"8032\" class=\"elementor elementor-8032\" data-elementor-settings=\"[]\">\n\t\t\t\t\t\t\t<div class=\"elementor-section-wrap\">\n\t\t\t\t\t\t\t<section class=\"elementor-section elementor-top-section elementor-element elementor-element-9ad377c elementor-section-boxed elementor-section-height-default elementor-section-height-default\" data-id=\"9ad377c\" data-element_type=\"section\">\n\t\t\t\t\t\t<div class=\"elementor-container elementor-column-gap-default\">\n\t\t\t\t\t<div class=\"elementor-column elementor-col-33 elementor-top-column elementor-element elementor-element-9a18eb1\" data-id=\"9a18eb1\" data-element_type=\"column\" data-settings=\"{&quot;avante_ext_is_scrollme&quot;:&quot;false&quot;,&quot;avante_ext_is_smoove&quot;:&quot;false&quot;,&quot;avante_ext_is_parallax_mouse&quot;:&quot;false&quot;,&quot;avante_ext_is_infinite&quot;:&quot;false&quot;}\">\n\t\t\t<div class=\"elementor-widget-wrap\">\n\t\t\t\t\t\t\t\t\t<\/div>\n\t\t<\/div>\n\t\t\t\t<div class=\"elementor-column elementor-col-66 elementor-top-column elementor-element elementor-element-c077d67\" data-id=\"c077d67\" data-element_type=\"column\" data-settings=\"{&quot;avante_ext_is_scrollme&quot;:&quot;false&quot;,&quot;avante_ext_is_smoove&quot;:&quot;false&quot;,&quot;avante_ext_is_parallax_mouse&quot;:&quot;false&quot;,&quot;avante_ext_is_infinite&quot;:&quot;false&quot;}\">\n\t\t\t<div class=\"elementor-widget-wrap elementor-element-populated\">\n\t\t\t\t\t\t\t\t<section class=\"elementor-section elementor-inner-section elementor-element elementor-element-82214ef elementor-section-boxed elementor-section-height-default elementor-section-height-default\" data-id=\"82214ef\" data-element_type=\"section\">\n\t\t\t\t\t\t<div class=\"elementor-container elementor-column-gap-default\">\n\t\t\t\t\t<div class=\"elementor-column elementor-col-50 elementor-inner-column elementor-element elementor-element-e181fd9\" data-id=\"e181fd9\" data-element_type=\"column\" data-settings=\"{&quot;avante_ext_is_scrollme&quot;:&quot;false&quot;,&quot;avante_ext_is_smoove&quot;:&quot;false&quot;,&quot;avante_ext_is_parallax_mouse&quot;:&quot;false&quot;,&quot;avante_ext_is_infinite&quot;:&quot;false&quot;}\">\n\t\t\t<div class=\"elementor-widget-wrap elementor-element-populated\">\n\t\t\t\t\t\t\t\t<div class=\"elementor-element elementor-element-4b205bf elementor-arrows-position-inside elementor-pagination-position-outside elementor-widget elementor-widget-image-carousel\" data-id=\"4b205bf\" data-element_type=\"widget\" data-settings=\"{&quot;slides_to_show&quot;:&quot;1&quot;,&quot;navigation&quot;:&quot;both&quot;,&quot;autoplay&quot;:&quot;yes&quot;,&quot;pause_on_hover&quot;:&quot;yes&quot;,&quot;pause_on_interaction&quot;:&quot;yes&quot;,&quot;autoplay_speed&quot;:5000,&quot;infinite&quot;:&quot;yes&quot;,&quot;effect&quot;:&quot;slide&quot;,&quot;speed&quot;:500,&quot;avante_ext_is_scrollme&quot;:&quot;false&quot;,&quot;avante_ext_is_smoove&quot;:&quot;false&quot;,&quot;avante_ext_is_parallax_mouse&quot;:&quot;false&quot;,&quot;avante_ext_is_infinite&quot;:&quot;false&quot;}\" data-widget_type=\"image-carousel.default\">\n\t\t\t\t<div class=\"elementor-widget-container\">\n\t\t\t\t\t<div class=\"elementor-image-carousel-wrapper swiper-container\" dir=\"ltr\">\n\t\t\t<div class=\"elementor-image-carousel swiper-wrapper\">\n\t\t\t\t<div class=\"swiper-slide\"><figure class=\"swiper-slide-inner\"><img decoding=\"async\" class=\"swiper-slide-image\" src=\"https:\/\/vgetr.com\/wp-content\/uploads\/2021\/02\/UF-1002UD_right_angle_view-e1588159164163.jpg\" alt=\"UF-1002UD_right_angle_view-e1588159164163\" \/><\/figure><\/div><div class=\"swiper-slide\"><figure class=\"swiper-slide-inner\"><img decoding=\"async\" class=\"swiper-slide-image\" src=\"https:\/\/vgetr.com\/wp-content\/uploads\/2021\/02\/UF-1002UD_front_view-e1588159224547.jpg\" alt=\"UF-1002UD_front_view-e1588159224547\" \/><\/figure><\/div>\t\t\t<\/div>\n\t\t\t\t\t\t\t\t\t\t\t\t<div class=\"swiper-pagination\"><\/div>\n\t\t\t\t\t\t\t\t\t\t\t\t\t<div class=\"elementor-swiper-button elementor-swiper-button-prev\">\n\t\t\t\t\t\t<i class=\"eicon-chevron-left\" aria-hidden=\"true\"><\/i>\n\t\t\t\t\t\t<span class=\"elementor-screen-only\">\u00d6nceki<\/span>\n\t\t\t\t\t<\/div>\n\t\t\t\t\t<div class=\"elementor-swiper-button elementor-swiper-button-next\">\n\t\t\t\t\t\t<i class=\"eicon-chevron-right\" aria-hidden=\"true\"><\/i>\n\t\t\t\t\t\t<span class=\"elementor-screen-only\">Sonraki<\/span>\n\t\t\t\t\t<\/div>\n\t\t\t\t\t\t\t\t\t<\/div>\n\t\t\t\t<\/div>\n\t\t\t\t<\/div>\n\t\t\t\t<div class=\"elementor-element elementor-element-fbe68e5 elementor-widget elementor-widget-heading\" data-id=\"fbe68e5\" data-element_type=\"widget\" data-settings=\"{&quot;avante_ext_is_scrollme&quot;:&quot;false&quot;,&quot;avante_ext_is_smoove&quot;:&quot;false&quot;,&quot;avante_ext_is_parallax_mouse&quot;:&quot;false&quot;,&quot;avante_ext_is_infinite&quot;:&quot;false&quot;}\" data-widget_type=\"heading.default\">\n\t\t\t\t<div class=\"elementor-widget-container\">\n\t\t\t<h2 class=\"elementor-heading-title elementor-size-default\">P\u00ebrmasat<\/h2>\t\t<\/div>\n\t\t\t\t<\/div>\n\t\t\t\t<div class=\"elementor-element elementor-element-abc94d5 elementor-widget elementor-widget-image\" data-id=\"abc94d5\" data-element_type=\"widget\" data-settings=\"{&quot;avante_ext_is_scrollme&quot;:&quot;false&quot;,&quot;avante_ext_is_smoove&quot;:&quot;false&quot;,&quot;avante_ext_is_parallax_mouse&quot;:&quot;false&quot;,&quot;avante_ext_is_infinite&quot;:&quot;false&quot;}\" data-widget_type=\"image.default\">\n\t\t\t\t<div class=\"elementor-widget-container\">\n\t\t\t\t\t<div class=\"elementor-image\">\n\t\t\t\t\t\t\t\t\t\t\t<a href=\"http:\/\/www.realashensor.com\/wp-content\/uploads\/2021\/02\/UF-1002UD-600x600-1.png\" data-elementor-open-lightbox=\"yes\" data-elementor-lightbox-title=\"UF-1002UD-600x600\">\n\t\t\t\t\t\t\t<img loading=\"lazy\" decoding=\"async\" width=\"600\" height=\"600\" src=\"https:\/\/vgetr.com\/wp-content\/uploads\/2021\/02\/UF-1002UD-600x600-1.png\" class=\"attachment-large size-large\" alt=\"\" srcset=\"https:\/\/vgetr.com\/wp-content\/uploads\/2021\/02\/UF-1002UD-600x600-1.png 600w, https:\/\/vgetr.com\/wp-content\/uploads\/2021\/02\/UF-1002UD-600x600-1-300x300.png 300w, https:\/\/vgetr.com\/wp-content\/uploads\/2021\/02\/UF-1002UD-600x600-1-150x150.png 150w, https:\/\/vgetr.com\/wp-content\/uploads\/2021\/02\/UF-1002UD-600x600-1-440x440.png 440w, https:\/\/vgetr.com\/wp-content\/uploads\/2021\/02\/UF-1002UD-600x600-1-100x100.png 100w\" sizes=\"auto, (max-width: 600px) 100vw, 600px\" \/>\t\t\t\t\t\t\t\t<\/a>\n\t\t\t\t\t\t\t\t\t\t\t<\/div>\n\t\t\t\t<\/div>\n\t\t\t\t<\/div>\n\t\t\t\t<div class=\"elementor-element elementor-element-f9e8b3b elementor-widget elementor-widget-heading\" data-id=\"f9e8b3b\" data-element_type=\"widget\" data-settings=\"{&quot;avante_ext_is_scrollme&quot;:&quot;false&quot;,&quot;avante_ext_is_smoove&quot;:&quot;false&quot;,&quot;avante_ext_is_parallax_mouse&quot;:&quot;false&quot;,&quot;avante_ext_is_infinite&quot;:&quot;false&quot;}\" data-widget_type=\"heading.default\">\n\t\t\t\t<div class=\"elementor-widget-container\">\n\t\t\t<h2 class=\"elementor-heading-title elementor-size-default\">Opsione t\u00eb ndryshme t\u00eb sip\u00ebrfaqes me ngjyra<\/h2>\t\t<\/div>\n\t\t\t\t<\/div>\n\t\t\t\t<div class=\"elementor-element elementor-element-04087a4 elementor-widget elementor-widget-image\" data-id=\"04087a4\" data-element_type=\"widget\" data-settings=\"{&quot;avante_ext_is_scrollme&quot;:&quot;false&quot;,&quot;avante_ext_is_smoove&quot;:&quot;false&quot;,&quot;avante_ext_is_parallax_mouse&quot;:&quot;false&quot;,&quot;avante_ext_is_infinite&quot;:&quot;false&quot;}\" data-widget_type=\"image.default\">\n\t\t\t\t<div class=\"elementor-widget-container\">\n\t\t\t\t\t<div class=\"elementor-image\">\n\t\t\t\t\t\t\t\t\t\t\t<a href=\"http:\/\/www.realashensor.com\/wp-content\/uploads\/2021\/02\/available_finishes_light-600x281-1.jpg\" data-elementor-open-lightbox=\"yes\" data-elementor-lightbox-title=\"available_finishes_light-600x281\">\n\t\t\t\t\t\t\t<img loading=\"lazy\" decoding=\"async\" width=\"600\" height=\"281\" src=\"https:\/\/vgetr.com\/wp-content\/uploads\/2021\/02\/available_finishes_light-600x281-1.jpg\" class=\"attachment-large size-large\" alt=\"\" srcset=\"https:\/\/vgetr.com\/wp-content\/uploads\/2021\/02\/available_finishes_light-600x281-1.jpg 600w, https:\/\/vgetr.com\/wp-content\/uploads\/2021\/02\/available_finishes_light-600x281-1-300x141.jpg 300w, https:\/\/vgetr.com\/wp-content\/uploads\/2021\/02\/available_finishes_light-600x281-1-440x206.jpg 440w\" sizes=\"auto, (max-width: 600px) 100vw, 600px\" \/>\t\t\t\t\t\t\t\t<\/a>\n\t\t\t\t\t\t\t\t\t\t\t<\/div>\n\t\t\t\t<\/div>\n\t\t\t\t<\/div>\n\t\t\t\t\t<\/div>\n\t\t<\/div>\n\t\t\t\t<div class=\"elementor-column elementor-col-50 elementor-inner-column elementor-element elementor-element-ad6d1c5\" data-id=\"ad6d1c5\" data-element_type=\"column\" data-settings=\"{&quot;avante_ext_is_scrollme&quot;:&quot;false&quot;,&quot;avante_ext_is_smoove&quot;:&quot;false&quot;,&quot;avante_ext_is_parallax_mouse&quot;:&quot;false&quot;,&quot;avante_ext_is_infinite&quot;:&quot;false&quot;}\">\n\t\t\t<div class=\"elementor-widget-wrap elementor-element-populated\">\n\t\t\t\t\t\t\t\t<div class=\"elementor-element elementor-element-ca13871 elementor-widget elementor-widget-heading\" data-id=\"ca13871\" data-element_type=\"widget\" data-settings=\"{&quot;avante_ext_is_scrollme&quot;:&quot;false&quot;,&quot;avante_ext_is_smoove&quot;:&quot;false&quot;,&quot;avante_ext_is_parallax_mouse&quot;:&quot;false&quot;,&quot;avante_ext_is_infinite&quot;:&quot;false&quot;}\" data-widget_type=\"heading.default\">\n\t\t\t\t<div class=\"elementor-widget-container\">\n\t\t\t<h2 class=\"elementor-heading-title elementor-size-default\">UF1002-UD\n<\/h2>\t\t<\/div>\n\t\t\t\t<\/div>\n\t\t\t\t<div class=\"elementor-element elementor-element-53a0983 elementor-widget elementor-widget-heading\" data-id=\"53a0983\" data-element_type=\"widget\" data-settings=\"{&quot;avante_ext_is_scrollme&quot;:&quot;false&quot;,&quot;avante_ext_is_smoove&quot;:&quot;false&quot;,&quot;avante_ext_is_parallax_mouse&quot;:&quot;false&quot;,&quot;avante_ext_is_infinite&quot;:&quot;false&quot;}\" data-widget_type=\"heading.default\">\n\t\t\t\t<div class=\"elementor-widget-container\">\n\t\t\t<h4 class=\"elementor-heading-title elementor-size-default\">Lloji i rrumbullak\u00ebt, SHTYPET ME KAT<\/h4>\t\t<\/div>\n\t\t\t\t<\/div>\n\t\t\t\t<div class=\"elementor-element elementor-element-b0414b9 elementor-widget elementor-widget-text-editor\" data-id=\"b0414b9\" data-element_type=\"widget\" data-settings=\"{&quot;avante_ext_is_scrollme&quot;:&quot;false&quot;,&quot;avante_ext_is_smoove&quot;:&quot;false&quot;,&quot;avante_ext_is_parallax_mouse&quot;:&quot;false&quot;,&quot;avante_ext_is_infinite&quot;:&quot;false&quot;}\" data-widget_type=\"text-editor.default\">\n\t\t\t\t<div class=\"elementor-widget-container\">\n\t\t\t\t\t<div class=\"elementor-text-editor elementor-clearfix\"><h3>Rreth<\/h3><p>UFO \u00ebsht\u00eb nj\u00eb kaset\u00eb e montuar n\u00eb sip\u00ebrfaqe e p\u00ebrshtatshme p\u00ebr p\u00ebrdorim me shum\u00eb q\u00ebllime me form\u00ebn e saj t\u00eb p\u00ebrsosur t\u00eb rrumbullak\u00ebt. Mund t\u00eb p\u00ebrdoret si nj\u00eb kasafort\u00eb p\u00ebr shfaqjen e dyshemes\u00eb, treguesin e shigjet\u00ebs s\u00eb drejtimit ose ndonj\u00eb buton p\u00ebr ashensor\u00ebt. Mund t\u00eb p\u00ebrdoret si \u00e7el\u00ebs sigurie ose \u00e7el\u00ebs rivendosje pusi. Ndihmon p\u00ebr t\u00eb p\u00ebrmbushur standardet EN81-70. Ky model, ku funksionimi dhe estetika takohen, mund t\u00eb p\u00ebrdoret si nj\u00eb kaset\u00eb dyshemeje ose p\u00ebr t\u00eb shtuar ve\u00e7ori shtes\u00eb n\u00eb sistemin ekzistues. Evensht\u00eb madje i p\u00ebrshtatsh\u00ebm p\u00ebr p\u00ebrdorim jasht\u00eb industris\u00eb s\u00eb ashensor\u00ebve.<\/p><h3>Specifikimet<\/h3><ul><li>Rasti \u00e7eliku i rrumbullak\u00ebt me diamet\u00ebr 100 mm<br \/>Varia Variantet e shumta t\u00eb p\u00ebrb\u00ebr\u00ebsve<\/li><li>9,9 mm ultra i holl\u00eb n\u00eb sip\u00ebrfaqe<\/li><li>Design Dizajn mbyll\u00ebs fleksib\u00ebl, nuk ka vida t\u00eb ekspozuara etj.<\/li><li>Options Mund\u00ebsit\u00eb e ndryshme t\u00eb sip\u00ebrfaqes me ngjyra jan\u00eb n\u00eb dispozicion<\/li><\/ul><\/div>\n\t\t\t\t<\/div>\n\t\t\t\t<\/div>\n\t\t\t\t<div class=\"elementor-element elementor-element-dc3d02d elementor-widget elementor-widget-image\" data-id=\"dc3d02d\" data-element_type=\"widget\" data-settings=\"{&quot;avante_ext_is_scrollme&quot;:&quot;false&quot;,&quot;avante_ext_is_smoove&quot;:&quot;false&quot;,&quot;avante_ext_is_parallax_mouse&quot;:&quot;false&quot;,&quot;avante_ext_is_infinite&quot;:&quot;false&quot;}\" data-widget_type=\"image.default\">\n\t\t\t\t<div class=\"elementor-widget-container\">\n\t\t\t\t\t<div class=\"elementor-image\">\n\t\t\t\t\t\t\t\t\t\t<img loading=\"lazy\" decoding=\"async\" width=\"512\" height=\"512\" src=\"https:\/\/vgetr.com\/wp-content\/uploads\/2021\/02\/OC_UFO.png\" class=\"attachment-large size-large\" alt=\"\" srcset=\"https:\/\/vgetr.com\/wp-content\/uploads\/2021\/02\/OC_UFO.png 512w, https:\/\/vgetr.com\/wp-content\/uploads\/2021\/02\/OC_UFO-300x300.png 300w, https:\/\/vgetr.com\/wp-content\/uploads\/2021\/02\/OC_UFO-150x150.png 150w, https:\/\/vgetr.com\/wp-content\/uploads\/2021\/02\/OC_UFO-440x440.png 440w, https:\/\/vgetr.com\/wp-content\/uploads\/2021\/02\/OC_UFO-100x100.png 100w\" sizes=\"auto, (max-width: 512px) 100vw, 512px\" \/>\t\t\t\t\t\t\t\t\t\t\t<\/div>\n\t\t\t\t<\/div>\n\t\t\t\t<\/div>\n\t\t\t\t\t<\/div>\n\t\t<\/div>\n\t\t\t\t\t\t\t<\/div>\n\t\t<\/section>\n\t\t\t\t\t<\/div>\n\t\t<\/div>\n\t\t\t\t\t\t\t<\/div>\n\t\t<\/section>\n\t\t\t\t\t\t<\/div>\n\t\t\t\t\t<\/div>","protected":false},"excerpt":{"rendered":"<p>Previous Next P\u00ebrmasat Opsione t\u00eb ndryshme t\u00eb sip\u00ebrfaqes me ngjyra UF1002-UD Lloji i rrumbullak\u00ebt, SHTYPET ME KAT Rreth UFO \u00ebsht\u00eb nj\u00eb kaset\u00eb e montuar n\u00eb sip\u00ebrfaqe e p\u00ebrshtatshme p\u00ebr p\u00ebrdorim me shum\u00eb q\u00ebllime me form\u00ebn e saj t\u00eb p\u00ebrsosur t\u00eb [&hellip;]<\/p>","protected":false},"author":1,"featured_media":7820,"parent":7961,"menu_order":0,"comment_status":"closed","ping_status":"closed","template":"","meta":{"footnotes":""},"class_list":["post-8032","page","type-page","status-publish","has-post-thumbnail","hentry"],"_links":{"self":[{"href":"https:\/\/vgetr.com\/tr\/wp-json\/wp\/v2\/pages\/8032","targetHints":{"allow":["GET"]}}],"collection":[{"href":"https:\/\/vgetr.com\/tr\/wp-json\/wp\/v2\/pages"}],"about":[{"href":"https:\/\/vgetr.com\/tr\/wp-json\/wp\/v2\/types\/page"}],"author":[{"embeddable":true,"href":"https:\/\/vgetr.com\/tr\/wp-json\/wp\/v2\/users\/1"}],"replies":[{"embeddable":true,"href":"https:\/\/vgetr.com\/tr\/wp-json\/wp\/v2\/comments?post=8032"}],"version-history":[{"count":4,"href":"https:\/\/vgetr.com\/tr\/wp-json\/wp\/v2\/pages\/8032\/revisions"}],"predecessor-version":[{"id":8040,"href":"https:\/\/vgetr.com\/tr\/wp-json\/wp\/v2\/pages\/8032\/revisions\/8040"}],"up":[{"embeddable":true,"href":"https:\/\/vgetr.com\/tr\/wp-json\/wp\/v2\/pages\/7961"}],"wp:featuredmedia":[{"embeddable":true,"href":"https:\/\/vgetr.com\/tr\/wp-json\/wp\/v2\/media\/7820"}],"wp:attachment":[{"href":"https:\/\/vgetr.com\/tr\/wp-json\/wp\/v2\/media?parent=8032"}],"curies":[{"name":"wp","href":"https:\/\/api.w.org\/{rel}","templated":true}]}}